{"id":76,"date":"2023-10-03T16:58:33","date_gmt":"2023-10-03T14:58:33","guid":{"rendered":"https:\/\/vmxtec.com\/?page_id=76"},"modified":"2024-11-12T14:26:46","modified_gmt":"2024-11-12T13:26:46","slug":"accueil","status":"publish","type":"page","link":"https:\/\/vmxtec.com\/","title":{"rendered":"Accueil"},"content":{"rendered":"<div id='layer_slider_1'  class='avia-layerslider main_color avia-shadow  avia-builder-el-0  el_before_av_hr  avia-builder-el-first  container_wrap sidebar_right'  style='height: 721px;'  ><\/div><div id='after_layer_slider_1'  class='main_color av_default_container_wrap container_wrap sidebar_right'  ><div class='container av-section-cont-open' ><div class='template-page content  av-content-small alpha units'><div class='post-entry post-entry-type-page post-entry-76'><div class='entry-content-wrapper clearfix'>\n\n<style type=\"text\/css\" data-created_by=\"avia_inline_auto\" id=\"style-css-av-m34owcek-b772093599044e9e9ea999915c6791e9\">\n#top .hr.hr-invisible.av-m34owcek-b772093599044e9e9ea999915c6791e9{\nheight:30px;\n}\n<\/style>\n<div  class='hr av-m34owcek-b772093599044e9e9ea999915c6791e9 hr-invisible  avia-builder-el-1  el_after_av_layerslider  el_before_av_textblock  avia-builder-el-first '><span class='hr-inner '><span class=\"hr-inner-style\"><\/span><\/span><\/div>\n<section  class='av_textblock_section av-m34o5ryx-f68ed3602b8b495db4ec9f30a0fed6b0 '   itemscope=\"itemscope\" itemtype=\"https:\/\/schema.org\/CreativeWork\" ><div class='avia_textblock'  itemprop=\"text\" ><h1><\/h1>\n<h2 style=\"text-align: center;\"><strong>Votre partenaire pour la transformation digitale<\/strong><\/h2>\n<h3 style=\"text-align: center;\"><\/h3>\n<\/div><\/section>\n\n<style type=\"text\/css\" data-created_by=\"avia_inline_auto\" id=\"style-css-av-m34oe4c0-9150586e334f4d3aa4a5c51c54396208\">\n#top .hr.av-m34oe4c0-9150586e334f4d3aa4a5c51c54396208{\nmargin-top:30px;\nmargin-bottom:30px;\n}\n.hr.av-m34oe4c0-9150586e334f4d3aa4a5c51c54396208 .hr-inner{\nwidth:150px;\nborder-color:#d51b1b;\n}\n<\/style>\n<div  class='hr av-m34oe4c0-9150586e334f4d3aa4a5c51c54396208 hr-custom  avia-builder-el-3  el_after_av_textblock  el_before_av_hr  hr-center hr-icon-no'><span class='hr-inner inner-border-av-border-fat'><span class=\"hr-inner-style\"><\/span><\/span><\/div>\n\n<style type=\"text\/css\" data-created_by=\"avia_inline_auto\" id=\"style-css-av-m34oxdja-0dd7b252d754bbbf6c40f1e23edc2c67\">\n#top .hr.hr-invisible.av-m34oxdja-0dd7b252d754bbbf6c40f1e23edc2c67{\nheight:10px;\n}\n<\/style>\n<div  class='hr av-m34oxdja-0dd7b252d754bbbf6c40f1e23edc2c67 hr-invisible  avia-builder-el-4  el_after_av_hr  el_before_av_textblock '><span class='hr-inner '><span class=\"hr-inner-style\"><\/span><\/span><\/div>\n\n<style type=\"text\/css\" data-created_by=\"avia_inline_auto\" id=\"style-css-av-m34og0r7-3998e223cfc47bef5e4191985f674770\">\n#top .av_textblock_section.av-m34og0r7-3998e223cfc47bef5e4191985f674770 .avia_textblock{\nfont-size:21px;\ncolor:#d1d1d1;\ntext-align:center;\n}\n<\/style>\n<section  class='av_textblock_section av-m34og0r7-3998e223cfc47bef5e4191985f674770 '   itemscope=\"itemscope\" itemtype=\"https:\/\/schema.org\/CreativeWork\" ><div class='avia_textblock av_inherit_color'  itemprop=\"text\" ><p style=\"text-align: left;\">Nous accompagnons nos clients tout au long de leur transformation digitale, en prenant en charge la conception, le d\u00e9ploiement et le maintien en condition op\u00e9rationnelle de leurs infrastructures IT, qu&rsquo;elles soient locales ou h\u00e9berg\u00e9es.<\/p>\n<\/div><\/section>\n\n<style type=\"text\/css\" data-created_by=\"avia_inline_auto\" id=\"style-css-av-m34or3jj-f6537bafa53e70e54545789348ebd464\">\n#top .hr.hr-invisible.av-m34or3jj-f6537bafa53e70e54545789348ebd464{\nheight:30px;\n}\n<\/style>\n<div  class='hr av-m34or3jj-f6537bafa53e70e54545789348ebd464 hr-invisible  avia-builder-el-6  el_after_av_textblock  el_before_av_textblock '><span class='hr-inner '><span class=\"hr-inner-style\"><\/span><\/span><\/div>\n\n<style type=\"text\/css\" data-created_by=\"avia_inline_auto\" id=\"style-css-av-m34ogj6b-48d880f7629d0d7f2aca6aa90b2a2472\">\n#top .av_textblock_section.av-m34ogj6b-48d880f7629d0d7f2aca6aa90b2a2472 .avia_textblock{\nfont-size:21px;\ncolor:#d1d1d1;\n}\n<\/style>\n<section  class='av_textblock_section av-m34ogj6b-48d880f7629d0d7f2aca6aa90b2a2472 '   itemscope=\"itemscope\" itemtype=\"https:\/\/schema.org\/CreativeWork\" ><div class='avia_textblock av_inherit_color'  itemprop=\"text\" ><p style=\"text-align: left;\">Notre \u00e9quipe, compos\u00e9e principalement de consultants techniques exp\u00e9riment\u00e9s, met \u00e0 votre disposition son expertise pour r\u00e9pondre \u00e0 vos besoins sp\u00e9cifiques.<br \/>\nGr\u00e2ce \u00e0 notre structure \u00e0 taille humaine, nous offrons \u00e0 nos clients une r\u00e9activit\u00e9 et une disponibilit\u00e9 optimales, tout en garantissant une relation privil\u00e9gi\u00e9e avec un interlocuteur d\u00e9di\u00e9.<\/p>\n<\/div><\/section>\n\n<style type=\"text\/css\" data-created_by=\"avia_inline_auto\" id=\"style-css-av-3zjf4-4bb9a51bca89b133dc59aedc89446139\">\n#top .hr.av-3zjf4-4bb9a51bca89b133dc59aedc89446139{\nmargin-top:30px;\nmargin-bottom:20px;\n}\n.hr.av-3zjf4-4bb9a51bca89b133dc59aedc89446139 .hr-inner{\nwidth:150px;\nborder-color:#d51b1b;\n}\n<\/style>\n<div  class='hr av-3zjf4-4bb9a51bca89b133dc59aedc89446139 hr-custom  avia-builder-el-8  el_after_av_textblock  el_before_av_layerslider  avia-builder-el-last  hr-center hr-icon-no'><span class='hr-inner inner-border-av-border-fat'><span class=\"hr-inner-style\"><\/span><\/span><\/div>\n<\/div><\/div><\/div><!-- close content main div --><\/div><\/div><div id='layer_slider_2'  class='avia-layerslider main_color avia-shadow  avia-builder-el-9  el_after_av_hr  el_before_av_hr  slider-not-first container_wrap sidebar_right'  style='height: 56px; max-width: 700px; margin: 0 auto;'  ><\/div><div id='after_layer_slider_2'  class='main_color av_default_container_wrap container_wrap sidebar_right'  ><div class='container av-section-cont-open' ><div class='template-page content  av-content-small alpha units'><div class='post-entry post-entry-type-page post-entry-76'><div class='entry-content-wrapper clearfix'>\n\n<style type=\"text\/css\" data-created_by=\"avia_inline_auto\" id=\"style-css-av-2o690-32c1f1fff5108fd6460cc49bcf44dd38\">\n#top .hr.av-2o690-32c1f1fff5108fd6460cc49bcf44dd38{\nmargin-top:20px;\nmargin-bottom:60px;\n}\n.hr.av-2o690-32c1f1fff5108fd6460cc49bcf44dd38 .hr-inner{\nwidth:150px;\nborder-color:#d51b1b;\n}\n<\/style>\n<div  class='hr av-2o690-32c1f1fff5108fd6460cc49bcf44dd38 hr-custom  avia-builder-el-10  el_after_av_layerslider  el_before_av_textblock  avia-builder-el-first  hr-center hr-icon-no'><span class='hr-inner inner-border-av-border-fat'><span class=\"hr-inner-style\"><\/span><\/span><\/div>\n<section  class='av_textblock_section av-m3dnfil2-d5081819b4be09ba6051c250b242073a '   itemscope=\"itemscope\" itemtype=\"https:\/\/schema.org\/CreativeWork\" ><div class='avia_textblock'  itemprop=\"text\" ><h1><\/h1>\n<h3 style=\"text-align: center;\">Nos principaux domaines d&rsquo;expertise<\/h3>\n<h3 style=\"text-align: center;\"><\/h3>\n<\/div><\/section>\n<\/div><\/div><\/div><!-- close content main div --><\/div><\/div><div id='layer_slider_3'  class='avia-layerslider main_color avia-shadow  avia-builder-el-12  el_after_av_textblock  el_before_av_hr  slider-not-first container_wrap sidebar_right'  style='height: 76px; max-width: 1280px; margin: 0 auto;'  ><\/div><div id='after_layer_slider_3'  class='main_color av_default_container_wrap container_wrap sidebar_right'  ><div class='container av-section-cont-open' ><div class='template-page content  av-content-small alpha units'><div class='post-entry post-entry-type-page post-entry-76'><div class='entry-content-wrapper clearfix'>\n\n<style type=\"text\/css\" data-created_by=\"avia_inline_auto\" id=\"style-css-av-2n4c-e6f31f9ce605047e820644575a1c3c8f\">\n#top .hr.av-2n4c-e6f31f9ce605047e820644575a1c3c8f{\nmargin-top:10px;\nmargin-bottom:30px;\n}\n.hr.av-2n4c-e6f31f9ce605047e820644575a1c3c8f .hr-inner{\nwidth:150px;\nborder-color:#d51b1b;\n}\n<\/style>\n<div  class='hr av-2n4c-e6f31f9ce605047e820644575a1c3c8f hr-custom  avia-builder-el-13  el_after_av_layerslider  avia-builder-el-no-sibling  hr-center hr-icon-no'><span class='hr-inner inner-border-av-border-fat'><span class=\"hr-inner-style\"><\/span><\/span><\/div>\n","protected":false},"excerpt":{"rendered":"","protected":false},"author":1,"featured_media":0,"parent":0,"menu_order":0,"comment_status":"closed","ping_status":"closed","template":"","meta":{"footnotes":""},"class_list":["post-76","page","type-page","status-publish","hentry"],"_links":{"self":[{"href":"https:\/\/vmxtec.com\/index.php\/wp-json\/wp\/v2\/pages\/76","targetHints":{"allow":["GET"]}}],"collection":[{"href":"https:\/\/vmxtec.com\/index.php\/wp-json\/wp\/v2\/pages"}],"about":[{"href":"https:\/\/vmxtec.com\/index.php\/wp-json\/wp\/v2\/types\/page"}],"author":[{"embeddable":true,"href":"https:\/\/vmxtec.com\/index.php\/wp-json\/wp\/v2\/users\/1"}],"replies":[{"embeddable":true,"href":"https:\/\/vmxtec.com\/index.php\/wp-json\/wp\/v2\/comments?post=76"}],"version-history":[{"count":107,"href":"https:\/\/vmxtec.com\/index.php\/wp-json\/wp\/v2\/pages\/76\/revisions"}],"predecessor-version":[{"id":479,"href":"https:\/\/vmxtec.com\/index.php\/wp-json\/wp\/v2\/pages\/76\/revisions\/479"}],"wp:attachment":[{"href":"https:\/\/vmxtec.com\/index.php\/wp-json\/wp\/v2\/media?parent=76"}],"curies":[{"name":"wp","href":"https:\/\/api.w.org\/{rel}","templated":true}]}}